{"id":64,"date":"2024-10-30T14:21:08","date_gmt":"2024-10-30T13:21:08","guid":{"rendered":"https:\/\/usvfoot41.fr\/boutique\/?post_type=product&#038;p=64"},"modified":"2024-12-17T11:53:09","modified_gmt":"2024-12-17T10:53:09","slug":"sous-maillot-vurbat-enfant","status":"publish","type":"product","link":"https:\/\/usvfoot41.fr\/boutique\/accueil__trashed\/enfant\/sous-maillot-vurbat-enfant\/","title":{"rendered":"Sous-maillot VURBAT enfant"},"content":{"rendered":"<p>Sous-maillot VURBAT enfant<\/p>\n<p>Manches longues, col rond | Omini imprim\u00e9 sur la<br \/>\npoitrine | Mati\u00e8re trait\u00e9e sp\u00e9cifiquement pour \u00e9vacuer<br \/>\nla transpiration, v\u00eatement id\u00e9al par temps froid.<\/p>\n<p>Couleur ; Bleu marine<\/p>\n<p>Tailles : 8, 12<\/p>\n<p>R\u00e9f : 311546W<\/p>\n","protected":false},"excerpt":{"rendered":"<p>Sous-maillot VURBAT enfant<\/p>\n","protected":false},"featured_media":63,"comment_status":"open","ping_status":"closed","template":"","meta":[],"product_brand":[],"product_cat":[17],"product_tag":[],"class_list":{"0":"post-64","1":"product","2":"type-product","3":"status-publish","4":"has-post-thumbnail","6":"product_cat-enfant","8":"first","9":"instock","10":"shipping-taxable","11":"purchasable","12":"product-type-variable"},"_links":{"self":[{"href":"https:\/\/usvfoot41.fr\/boutique\/wp-json\/wp\/v2\/product\/64","targetHints":{"allow":["GET"]}}],"collection":[{"href":"https:\/\/usvfoot41.fr\/boutique\/wp-json\/wp\/v2\/product"}],"about":[{"href":"https:\/\/usvfoot41.fr\/boutique\/wp-json\/wp\/v2\/types\/product"}],"replies":[{"embeddable":true,"href":"https:\/\/usvfoot41.fr\/boutique\/wp-json\/wp\/v2\/comments?post=64"}],"wp:featuredmedia":[{"embeddable":true,"href":"https:\/\/usvfoot41.fr\/boutique\/wp-json\/wp\/v2\/media\/63"}],"wp:attachment":[{"href":"https:\/\/usvfoot41.fr\/boutique\/wp-json\/wp\/v2\/media?parent=64"}],"wp:term":[{"taxonomy":"product_brand","embeddable":true,"href":"https:\/\/usvfoot41.fr\/boutique\/wp-json\/wp\/v2\/product_brand?post=64"},{"taxonomy":"product_cat","embeddable":true,"href":"https:\/\/usvfoot41.fr\/boutique\/wp-json\/wp\/v2\/product_cat?post=64"},{"taxonomy":"product_tag","embeddable":true,"href":"https:\/\/usvfoot41.fr\/boutique\/wp-json\/wp\/v2\/product_tag?post=64"}],"curies":[{"name":"wp","href":"https:\/\/api.w.org\/{rel}","templated":true}]}}