{"id":58,"date":"2024-10-30T14:14:56","date_gmt":"2024-10-30T13:14:56","guid":{"rendered":"https:\/\/usvfoot41.fr\/boutique\/?post_type=product&#038;p=58"},"modified":"2024-12-17T11:55:52","modified_gmt":"2024-12-17T10:55:52","slug":"parka-longue-impermeable-diolo-slim-fit-adulte","status":"publish","type":"product","link":"https:\/\/usvfoot41.fr\/boutique\/accueil__trashed\/adulte\/parka-longue-impermeable-diolo-slim-fit-adulte\/","title":{"rendered":"Parka longue imperm\u00e9able DIOLO SLIM FIT adulte"},"content":{"rendered":"<p>Parka longue imperm\u00e9able US Vend\u00f4me Football Club DIOLO SLIM FIT adulte<\/p>\n<p>Manches longues avec manchons int\u00e9gr\u00e9s, col<br \/>\nmontant, capuche avec visi\u00e8re r\u00e9glable avec cordons<br \/>\n\u00e9lastiqu\u00e9s | Int\u00e9rieur doubl\u00e9 en polaire | Fermeture<br \/>\nzipp\u00e9e, poches lat\u00e9rales | Omini imprim\u00e9s sur la<br \/>\npoitrine et sur les manches.<\/p>\n<p>Couleur : Bleu marine<\/p>\n<p>Mati\u00e8re : 100% polyester<\/p>\n<p>Tailles : S, M, L, XL, 2XL, 3XL, 4XL<\/p>\n<p>R\u00e9f : 31153IW<\/p>\n","protected":false},"excerpt":{"rendered":"<p>Parka longue imperm\u00e9able US Vend\u00f4me Football Club DIOLO SLIM FIT adulte<\/p>\n","protected":false},"featured_media":1678,"comment_status":"open","ping_status":"closed","template":"","meta":[],"product_brand":[],"product_cat":[16,49],"product_tag":[],"class_list":{"0":"post-58","1":"product","2":"type-product","3":"status-publish","4":"has-post-thumbnail","6":"product_cat-adulte","7":"product_cat-initiales","9":"first","10":"instock","11":"shipping-taxable","12":"purchasable","13":"product-type-variable"},"_links":{"self":[{"href":"https:\/\/usvfoot41.fr\/boutique\/wp-json\/wp\/v2\/product\/58","targetHints":{"allow":["GET"]}}],"collection":[{"href":"https:\/\/usvfoot41.fr\/boutique\/wp-json\/wp\/v2\/product"}],"about":[{"href":"https:\/\/usvfoot41.fr\/boutique\/wp-json\/wp\/v2\/types\/product"}],"replies":[{"embeddable":true,"href":"https:\/\/usvfoot41.fr\/boutique\/wp-json\/wp\/v2\/comments?post=58"}],"wp:featuredmedia":[{"embeddable":true,"href":"https:\/\/usvfoot41.fr\/boutique\/wp-json\/wp\/v2\/media\/1678"}],"wp:attachment":[{"href":"https:\/\/usvfoot41.fr\/boutique\/wp-json\/wp\/v2\/media?parent=58"}],"wp:term":[{"taxonomy":"product_brand","embeddable":true,"href":"https:\/\/usvfoot41.fr\/boutique\/wp-json\/wp\/v2\/product_brand?post=58"},{"taxonomy":"product_cat","embeddable":true,"href":"https:\/\/usvfoot41.fr\/boutique\/wp-json\/wp\/v2\/product_cat?post=58"},{"taxonomy":"product_tag","embeddable":true,"href":"https:\/\/usvfoot41.fr\/boutique\/wp-json\/wp\/v2\/product_tag?post=58"}],"curies":[{"name":"wp","href":"https:\/\/api.w.org\/{rel}","templated":true}]}}