{"id":55,"date":"2024-10-30T14:06:12","date_gmt":"2024-10-30T13:06:12","guid":{"rendered":"https:\/\/usvfoot41.fr\/boutique\/?post_type=product&#038;p=55"},"modified":"2024-12-17T11:56:46","modified_gmt":"2024-12-17T10:56:46","slug":"doudoune-vianetto-slim-fit-adulte","status":"publish","type":"product","link":"https:\/\/usvfoot41.fr\/boutique\/accueil__trashed\/adulte\/doudoune-vianetto-slim-fit-adulte\/","title":{"rendered":"Doudoune VIANETTO SLIM FIT adulte"},"content":{"rendered":"<p>Doudoune US Vend\u00f4me Football Club SLIM FIT adulte<\/p>\n<p>Ouverture compl\u00e8te avec zip, poches avec zip,<br \/>\npoignets \u00e9lastiqu\u00e9s, capuche. Patch Omini brod\u00e9 sur<br \/>\nla poitrine.<\/p>\n<p>Couleur : Bleu marine<\/p>\n<p>Mati\u00e8re : Ext\u00e9rieur 100% nylon, Doublure 100% polyester<\/p>\n<p>Tailles : S, M, L, XL, 2XL, 3XL, 4XL<\/p>\n<p>R\u00e9f : 371G7EW<\/p>\n","protected":false},"excerpt":{"rendered":"<p>Doudoune US Vend\u00f4me Football Club SLIM FIT adulte<\/p>\n","protected":false},"featured_media":1675,"comment_status":"open","ping_status":"closed","template":"","meta":[],"product_brand":[],"product_cat":[16,49],"product_tag":[],"class_list":{"0":"post-55","1":"product","2":"type-product","3":"status-publish","4":"has-post-thumbnail","6":"product_cat-adulte","7":"product_cat-initiales","9":"first","10":"instock","11":"shipping-taxable","12":"purchasable","13":"product-type-variable"},"_links":{"self":[{"href":"https:\/\/usvfoot41.fr\/boutique\/wp-json\/wp\/v2\/product\/55","targetHints":{"allow":["GET"]}}],"collection":[{"href":"https:\/\/usvfoot41.fr\/boutique\/wp-json\/wp\/v2\/product"}],"about":[{"href":"https:\/\/usvfoot41.fr\/boutique\/wp-json\/wp\/v2\/types\/product"}],"replies":[{"embeddable":true,"href":"https:\/\/usvfoot41.fr\/boutique\/wp-json\/wp\/v2\/comments?post=55"}],"wp:featuredmedia":[{"embeddable":true,"href":"https:\/\/usvfoot41.fr\/boutique\/wp-json\/wp\/v2\/media\/1675"}],"wp:attachment":[{"href":"https:\/\/usvfoot41.fr\/boutique\/wp-json\/wp\/v2\/media?parent=55"}],"wp:term":[{"taxonomy":"product_brand","embeddable":true,"href":"https:\/\/usvfoot41.fr\/boutique\/wp-json\/wp\/v2\/product_brand?post=55"},{"taxonomy":"product_cat","embeddable":true,"href":"https:\/\/usvfoot41.fr\/boutique\/wp-json\/wp\/v2\/product_cat?post=55"},{"taxonomy":"product_tag","embeddable":true,"href":"https:\/\/usvfoot41.fr\/boutique\/wp-json\/wp\/v2\/product_tag?post=55"}],"curies":[{"name":"wp","href":"https:\/\/api.w.org\/{rel}","templated":true}]}}