{"id":53,"date":"2024-10-30T13:58:20","date_gmt":"2024-10-30T12:58:20","guid":{"rendered":"https:\/\/usvfoot41.fr\/boutique\/?post_type=product&#038;p=53"},"modified":"2024-12-17T11:57:14","modified_gmt":"2024-12-17T10:57:14","slug":"veste-hybride-odolon-softshell-doudoune-slim-fit-adulte","status":"publish","type":"product","link":"https:\/\/usvfoot41.fr\/boutique\/accueil__trashed\/adulte\/veste-hybride-odolon-softshell-doudoune-slim-fit-adulte\/","title":{"rendered":"Veste hybride ODOLON SOFTSHELL + Doudoune SLIM FIT adulte"},"content":{"rendered":"<p>Veste hybride US Vend\u00f4me Football Club ODOLON SOFTSHELL + Doudoune SLIM FIT adulte<\/p>\n<p>Manches longues, col montant, capuche r\u00e9glable avec<br \/>\n\u00e9lastiques | Fermeture zipp\u00e9e, poches lat\u00e9rales zipp\u00e9es |<br \/>\nOmini HD sur la poitrine.<\/p>\n<p>Couleur : Bleu marine<\/p>\n<p>Mati\u00e8re : 100% polyamide<\/p>\n<p>Tailles : S, M, L, XL, 2XL, 3XL, 4XL<\/p>\n<p>R\u00e9f : 31153HW<\/p>\n","protected":false},"excerpt":{"rendered":"<p>Veste hybride US Vend\u00f4me Football Club ODOLON SOFTSHELL + Doudoune SLIM FIT adulte<\/p>\n<p>Manches longues, col montant, capuche r\u00e9glable avec<br \/>\n\u00e9lastiques | Fermeture zipp\u00e9e, poches lat\u00e9rales zipp\u00e9es |<br \/>\nOmini HD sur la poitrine.<\/p>\n<p>Couleur : Bleu marine<\/p>\n<p>Mati\u00e8re : 100% polyamide<\/p>\n<p>Tailles : S, M, L, XL, 2XL, 3XL, 4XL<\/p>\n<p>R\u00e9f : 31153HW<\/p>\n","protected":false},"featured_media":1681,"comment_status":"open","ping_status":"closed","template":"","meta":[],"product_brand":[],"product_cat":[16,49],"product_tag":[],"class_list":{"0":"post-53","1":"product","2":"type-product","3":"status-publish","4":"has-post-thumbnail","6":"product_cat-adulte","7":"product_cat-initiales","9":"first","10":"instock","11":"shipping-taxable","12":"purchasable","13":"product-type-variable"},"_links":{"self":[{"href":"https:\/\/usvfoot41.fr\/boutique\/wp-json\/wp\/v2\/product\/53","targetHints":{"allow":["GET"]}}],"collection":[{"href":"https:\/\/usvfoot41.fr\/boutique\/wp-json\/wp\/v2\/product"}],"about":[{"href":"https:\/\/usvfoot41.fr\/boutique\/wp-json\/wp\/v2\/types\/product"}],"replies":[{"embeddable":true,"href":"https:\/\/usvfoot41.fr\/boutique\/wp-json\/wp\/v2\/comments?post=53"}],"wp:featuredmedia":[{"embeddable":true,"href":"https:\/\/usvfoot41.fr\/boutique\/wp-json\/wp\/v2\/media\/1681"}],"wp:attachment":[{"href":"https:\/\/usvfoot41.fr\/boutique\/wp-json\/wp\/v2\/media?parent=53"}],"wp:term":[{"taxonomy":"product_brand","embeddable":true,"href":"https:\/\/usvfoot41.fr\/boutique\/wp-json\/wp\/v2\/product_brand?post=53"},{"taxonomy":"product_cat","embeddable":true,"href":"https:\/\/usvfoot41.fr\/boutique\/wp-json\/wp\/v2\/product_cat?post=53"},{"taxonomy":"product_tag","embeddable":true,"href":"https:\/\/usvfoot41.fr\/boutique\/wp-json\/wp\/v2\/product_tag?post=53"}],"curies":[{"name":"wp","href":"https:\/\/api.w.org\/{rel}","templated":true}]}}