{"id":49,"date":"2024-10-30T13:44:49","date_gmt":"2024-10-30T12:44:49","guid":{"rendered":"https:\/\/usvfoot41.fr\/boutique\/?post_type=product&#038;p=49"},"modified":"2024-12-17T11:59:43","modified_gmt":"2024-12-17T10:59:43","slug":"pantalon-dentrainement-slim-fit-enfant","status":"publish","type":"product","link":"https:\/\/usvfoot41.fr\/boutique\/accueil__trashed\/enfant\/pantalon-dentrainement-slim-fit-enfant\/","title":{"rendered":"Pantalon GASTON SLIM FIT enfant"},"content":{"rendered":"<p>Pantalon d&rsquo;entra\u00eenement US Vend\u00f4me Football Club SLIM FIT enfant<\/p>\n<p>Taille \u00e9lastiqu\u00e9e avec cordon de serrage int\u00e9rieur,<br \/>\npoches lat\u00e9rales avec zip, fermeture bas zipp\u00e9e.<br \/>\nMati\u00e8re trait\u00e9e sp\u00e9cifiquement pour \u00e9vacuer la<br \/>\ntranspiration. Banda imprim\u00e9e sur les c\u00f4t\u00e9s.<\/p>\n<p>Couleur : Bleu marine<\/p>\n<p>Mati\u00e8re : 100% polyester<\/p>\n<p>Tailles : 6, 8, 10, 12, 14<\/p>\n<p>R\u00e9f : 331G67W<\/p>\n","protected":false},"excerpt":{"rendered":"<p>Pantalon d&rsquo;entra\u00eenement US Vend\u00f4me Football Club SLIM FIT enfant<\/p>\n","protected":false},"featured_media":1590,"comment_status":"open","ping_status":"closed","template":"","meta":[],"product_brand":[],"product_cat":[17,49],"product_tag":[],"class_list":{"0":"post-49","1":"product","2":"type-product","3":"status-publish","4":"has-post-thumbnail","6":"product_cat-enfant","7":"product_cat-initiales","9":"first","10":"instock","11":"shipping-taxable","12":"purchasable","13":"product-type-variable"},"_links":{"self":[{"href":"https:\/\/usvfoot41.fr\/boutique\/wp-json\/wp\/v2\/product\/49","targetHints":{"allow":["GET"]}}],"collection":[{"href":"https:\/\/usvfoot41.fr\/boutique\/wp-json\/wp\/v2\/product"}],"about":[{"href":"https:\/\/usvfoot41.fr\/boutique\/wp-json\/wp\/v2\/types\/product"}],"replies":[{"embeddable":true,"href":"https:\/\/usvfoot41.fr\/boutique\/wp-json\/wp\/v2\/comments?post=49"}],"wp:featuredmedia":[{"embeddable":true,"href":"https:\/\/usvfoot41.fr\/boutique\/wp-json\/wp\/v2\/media\/1590"}],"wp:attachment":[{"href":"https:\/\/usvfoot41.fr\/boutique\/wp-json\/wp\/v2\/media?parent=49"}],"wp:term":[{"taxonomy":"product_brand","embeddable":true,"href":"https:\/\/usvfoot41.fr\/boutique\/wp-json\/wp\/v2\/product_brand?post=49"},{"taxonomy":"product_cat","embeddable":true,"href":"https:\/\/usvfoot41.fr\/boutique\/wp-json\/wp\/v2\/product_cat?post=49"},{"taxonomy":"product_tag","embeddable":true,"href":"https:\/\/usvfoot41.fr\/boutique\/wp-json\/wp\/v2\/product_tag?post=49"}],"curies":[{"name":"wp","href":"https:\/\/api.w.org\/{rel}","templated":true}]}}