{"id":42,"date":"2024-10-30T13:37:40","date_gmt":"2024-10-30T12:37:40","guid":{"rendered":"https:\/\/usvfoot41.fr\/boutique\/?post_type=product&#038;p=42"},"modified":"2024-12-17T12:02:06","modified_gmt":"2024-12-17T11:02:06","slug":"veste-grevolo-adulte","status":"publish","type":"product","link":"https:\/\/usvfoot41.fr\/boutique\/accueil__trashed\/adulte\/veste-grevolo-adulte\/","title":{"rendered":"Veste d&rsquo;entra\u00eenement GREVOLO adulte"},"content":{"rendered":"<p>Veste d&rsquo;entra\u00eenement US Vend\u00f4me Football Club SLIM FIT adulte<\/p>\n<p>Capuche, ouverture zipp\u00e9e compl\u00e8te, poches avec<br \/>\nzip. Mati\u00e8re trait\u00e9e sp\u00e9cifiquement pour \u00e9vacuer la<br \/>\ntranspiration. Logo Omini imprim\u00e9 sur la poitrine et<br \/>\nbanda sur les \u00e9paules.<\/p>\n<p>Couleur : Bleu marine<\/p>\n<p>Mati\u00e8re : 100% polyester<\/p>\n<p>Tailles : S, M, L, XL, 2XL, 3XL, 4XL<\/p>\n<p>R\u00e9f : 311F5FW<\/p>\n","protected":false},"excerpt":{"rendered":"<p>Veste d&rsquo;entra\u00eenement US Vend\u00f4me Football Club SLIM FIT adulte<\/p>\n","protected":false},"featured_media":1555,"comment_status":"open","ping_status":"closed","template":"","meta":[],"product_brand":[],"product_cat":[16,49,48],"product_tag":[],"class_list":{"0":"post-42","1":"product","2":"type-product","3":"status-publish","4":"has-post-thumbnail","6":"product_cat-adulte","7":"product_cat-initiales","8":"product_cat-nom","10":"first","11":"instock","12":"shipping-taxable","13":"purchasable","14":"product-type-variable"},"_links":{"self":[{"href":"https:\/\/usvfoot41.fr\/boutique\/wp-json\/wp\/v2\/product\/42","targetHints":{"allow":["GET"]}}],"collection":[{"href":"https:\/\/usvfoot41.fr\/boutique\/wp-json\/wp\/v2\/product"}],"about":[{"href":"https:\/\/usvfoot41.fr\/boutique\/wp-json\/wp\/v2\/types\/product"}],"replies":[{"embeddable":true,"href":"https:\/\/usvfoot41.fr\/boutique\/wp-json\/wp\/v2\/comments?post=42"}],"wp:featuredmedia":[{"embeddable":true,"href":"https:\/\/usvfoot41.fr\/boutique\/wp-json\/wp\/v2\/media\/1555"}],"wp:attachment":[{"href":"https:\/\/usvfoot41.fr\/boutique\/wp-json\/wp\/v2\/media?parent=42"}],"wp:term":[{"taxonomy":"product_brand","embeddable":true,"href":"https:\/\/usvfoot41.fr\/boutique\/wp-json\/wp\/v2\/product_brand?post=42"},{"taxonomy":"product_cat","embeddable":true,"href":"https:\/\/usvfoot41.fr\/boutique\/wp-json\/wp\/v2\/product_cat?post=42"},{"taxonomy":"product_tag","embeddable":true,"href":"https:\/\/usvfoot41.fr\/boutique\/wp-json\/wp\/v2\/product_tag?post=42"}],"curies":[{"name":"wp","href":"https:\/\/api.w.org\/{rel}","templated":true}]}}