{"id":37,"date":"2024-10-30T13:29:37","date_gmt":"2024-10-30T12:29:37","guid":{"rendered":"https:\/\/usvfoot41.fr\/boutique\/?post_type=product&#038;p=37"},"modified":"2025-06-18T08:08:13","modified_gmt":"2025-06-18T06:08:13","slug":"survetement-dalcito","status":"publish","type":"product","link":"https:\/\/usvfoot41.fr\/boutique\/accueil__trashed\/adulte\/survetement-dalcito\/","title":{"rendered":"Surv\u00eatement DALCITO adulte"},"content":{"rendered":"<p>Surv\u00eatement US Vend\u00f4me Football Club adulte<\/p>\n<p>Veste manches longues, col montant. Fermeture<br \/>\nzipp\u00e9e, poches lat\u00e9rales zipp\u00e9es. Bandes color\u00e9es sur<br \/>\nles manches. Omini sur la poitrine.<br \/>\nPantalon taille \u00e9lastiqu\u00e9e avec cordon de serrage<br \/>\nint\u00e9rieur. Bas de jambe zipp\u00e9s. Omini brod\u00e9 sur l&rsquo;avant.<\/p>\n<p>Mati\u00e8re : 100% polyester<\/p>\n<p>Tailles : S, M, L, XL, 2XL, 3XL, 4XL<\/p>\n<p>R\u00e9f : 321E1IW<\/p>\n","protected":false},"excerpt":{"rendered":"<p>Surv\u00eatement US Vend\u00f4me Football Club adulte<\/p>\n","protected":false},"featured_media":1676,"comment_status":"open","ping_status":"closed","template":"","meta":[],"product_brand":[],"product_cat":[16,49,48],"product_tag":[],"class_list":{"0":"post-37","1":"product","2":"type-product","3":"status-publish","4":"has-post-thumbnail","6":"product_cat-adulte","7":"product_cat-initiales","8":"product_cat-nom","10":"first","11":"instock","12":"shipping-taxable","13":"purchasable","14":"product-type-variable"},"_links":{"self":[{"href":"https:\/\/usvfoot41.fr\/boutique\/wp-json\/wp\/v2\/product\/37","targetHints":{"allow":["GET"]}}],"collection":[{"href":"https:\/\/usvfoot41.fr\/boutique\/wp-json\/wp\/v2\/product"}],"about":[{"href":"https:\/\/usvfoot41.fr\/boutique\/wp-json\/wp\/v2\/types\/product"}],"replies":[{"embeddable":true,"href":"https:\/\/usvfoot41.fr\/boutique\/wp-json\/wp\/v2\/comments?post=37"}],"wp:featuredmedia":[{"embeddable":true,"href":"https:\/\/usvfoot41.fr\/boutique\/wp-json\/wp\/v2\/media\/1676"}],"wp:attachment":[{"href":"https:\/\/usvfoot41.fr\/boutique\/wp-json\/wp\/v2\/media?parent=37"}],"wp:term":[{"taxonomy":"product_brand","embeddable":true,"href":"https:\/\/usvfoot41.fr\/boutique\/wp-json\/wp\/v2\/product_brand?post=37"},{"taxonomy":"product_cat","embeddable":true,"href":"https:\/\/usvfoot41.fr\/boutique\/wp-json\/wp\/v2\/product_cat?post=37"},{"taxonomy":"product_tag","embeddable":true,"href":"https:\/\/usvfoot41.fr\/boutique\/wp-json\/wp\/v2\/product_tag?post=37"}],"curies":[{"name":"wp","href":"https:\/\/api.w.org\/{rel}","templated":true}]}}