{"id":35,"date":"2024-10-30T13:19:44","date_gmt":"2024-10-30T12:19:44","guid":{"rendered":"https:\/\/usvfoot41.fr\/boutique\/?post_type=product&#038;p=35"},"modified":"2024-12-17T12:08:35","modified_gmt":"2024-12-17T11:08:35","slug":"t-shirt-dovo-2","status":"publish","type":"product","link":"https:\/\/usvfoot41.fr\/boutique\/accueil__trashed\/enfant\/t-shirt-dovo-2\/","title":{"rendered":"Maillot d&rsquo;entra\u00eenement DOVO enfant"},"content":{"rendered":"<p>Maillot de match d&rsquo;entra\u00eenement US Vend\u00f4me Football Club REGULAR FIT enfant<\/p>\n<p>Manches courtes, bandes en mesh sur les manches<br \/>\n| Mati\u00e8re trait\u00e9e sp\u00e9cifiquement pour \u00e9vacuer la<br \/>\ntranspiration | Omini imprim\u00e9 sur la poitrine.<\/p>\n<p>Couleur : Bleu Marine<\/p>\n<p>Mati\u00e8re : Polyester<\/p>\n<p>Taille : 4, 6, 8, 10, 12, 14<\/p>\n<p>R\u00e9f : 34196UW<\/p>\n","protected":false},"excerpt":{"rendered":"<p>Maillot de match d&rsquo;entra\u00eenement US Vend\u00f4me Football Club enfant REGULAR FIT<\/p>\n<p>&nbsp;<\/p>\n","protected":false},"featured_media":1674,"comment_status":"open","ping_status":"closed","template":"","meta":[],"product_brand":[],"product_cat":[17,49,48],"product_tag":[],"class_list":{"0":"post-35","1":"product","2":"type-product","3":"status-publish","4":"has-post-thumbnail","6":"product_cat-enfant","7":"product_cat-initiales","8":"product_cat-nom","10":"first","11":"instock","12":"shipping-taxable","13":"purchasable","14":"product-type-variable"},"_links":{"self":[{"href":"https:\/\/usvfoot41.fr\/boutique\/wp-json\/wp\/v2\/product\/35","targetHints":{"allow":["GET"]}}],"collection":[{"href":"https:\/\/usvfoot41.fr\/boutique\/wp-json\/wp\/v2\/product"}],"about":[{"href":"https:\/\/usvfoot41.fr\/boutique\/wp-json\/wp\/v2\/types\/product"}],"replies":[{"embeddable":true,"href":"https:\/\/usvfoot41.fr\/boutique\/wp-json\/wp\/v2\/comments?post=35"}],"wp:featuredmedia":[{"embeddable":true,"href":"https:\/\/usvfoot41.fr\/boutique\/wp-json\/wp\/v2\/media\/1674"}],"wp:attachment":[{"href":"https:\/\/usvfoot41.fr\/boutique\/wp-json\/wp\/v2\/media?parent=35"}],"wp:term":[{"taxonomy":"product_brand","embeddable":true,"href":"https:\/\/usvfoot41.fr\/boutique\/wp-json\/wp\/v2\/product_brand?post=35"},{"taxonomy":"product_cat","embeddable":true,"href":"https:\/\/usvfoot41.fr\/boutique\/wp-json\/wp\/v2\/product_cat?post=35"},{"taxonomy":"product_tag","embeddable":true,"href":"https:\/\/usvfoot41.fr\/boutique\/wp-json\/wp\/v2\/product_tag?post=35"}],"curies":[{"name":"wp","href":"https:\/\/api.w.org\/{rel}","templated":true}]}}