{"id":3192,"date":"2025-06-03T10:51:43","date_gmt":"2025-06-03T08:51:43","guid":{"rendered":"https:\/\/usvfoot41.fr\/boutique\/?post_type=product&#038;p=3192"},"modified":"2025-06-10T17:52:13","modified_gmt":"2025-06-10T15:52:13","slug":"chaussettes-classiques-lyna-unisex-license","status":"publish","type":"product","link":"https:\/\/usvfoot41.fr\/boutique\/accueil__trashed\/accessoires\/chaussettes-classiques-lyna-unisex-license\/","title":{"rendered":"Chaussettes classiques LYNA UNISEX Licence"},"content":{"rendered":"<p>Chaussettes classiques d&rsquo;entra\u00eenement et de match LYNA UNISEX<\/p>\n<p>Kappa sur le tibia, Banda sur le mollet<\/p>\n<p>Couleur : Bleu marine<\/p>\n<p>Mati\u00e8res : 97 % polyamide, 3 % \u00e9lasthanne. Omini tricot\u00e9 sur le pied.<\/p>\n<p>Tailles : 27-30, 31-34, 35-38, 39-42, 43-46, 47-49, 50-52<\/p>\n<p>R\u00e9f : 302utz0<\/p>\n","protected":false},"excerpt":{"rendered":"<p>Chaussettes classiques d&rsquo;entra\u00eenement et de match LYNA UNISEX<\/p>\n","protected":false},"featured_media":1619,"comment_status":"open","ping_status":"closed","template":"","meta":[],"product_brand":[],"product_cat":[18,16,17,148,147,144,146,145,152,143],"product_tag":[],"class_list":{"0":"post-3192","1":"product","2":"type-product","3":"status-publish","4":"has-post-thumbnail","6":"product_cat-accessoires","7":"product_cat-adulte","8":"product_cat-enfant","9":"product_cat-seniors-fille","10":"product_cat-seniors-garcon","11":"product_cat-u10-u13","12":"product_cat-u14-u18-fille","13":"product_cat-u14-u18-garcon","14":"product_cat-u6-u7","15":"product_cat-u8-u9","17":"first","18":"instock","19":"sold-individually","20":"shipping-taxable","21":"purchasable","22":"product-type-variable"},"_links":{"self":[{"href":"https:\/\/usvfoot41.fr\/boutique\/wp-json\/wp\/v2\/product\/3192","targetHints":{"allow":["GET"]}}],"collection":[{"href":"https:\/\/usvfoot41.fr\/boutique\/wp-json\/wp\/v2\/product"}],"about":[{"href":"https:\/\/usvfoot41.fr\/boutique\/wp-json\/wp\/v2\/types\/product"}],"replies":[{"embeddable":true,"href":"https:\/\/usvfoot41.fr\/boutique\/wp-json\/wp\/v2\/comments?post=3192"}],"wp:featuredmedia":[{"embeddable":true,"href":"https:\/\/usvfoot41.fr\/boutique\/wp-json\/wp\/v2\/media\/1619"}],"wp:attachment":[{"href":"https:\/\/usvfoot41.fr\/boutique\/wp-json\/wp\/v2\/media?parent=3192"}],"wp:term":[{"taxonomy":"product_brand","embeddable":true,"href":"https:\/\/usvfoot41.fr\/boutique\/wp-json\/wp\/v2\/product_brand?post=3192"},{"taxonomy":"product_cat","embeddable":true,"href":"https:\/\/usvfoot41.fr\/boutique\/wp-json\/wp\/v2\/product_cat?post=3192"},{"taxonomy":"product_tag","embeddable":true,"href":"https:\/\/usvfoot41.fr\/boutique\/wp-json\/wp\/v2\/product_tag?post=3192"}],"curies":[{"name":"wp","href":"https:\/\/api.w.org\/{rel}","templated":true}]}}