{"id":30,"date":"2024-10-30T12:21:02","date_gmt":"2024-10-30T11:21:02","guid":{"rendered":"https:\/\/usvfoot41.fr\/boutique\/?post_type=product&#038;p=30"},"modified":"2024-12-17T12:16:03","modified_gmt":"2024-12-17T11:16:03","slug":"short-borgo-copy","status":"publish","type":"product","link":"https:\/\/usvfoot41.fr\/boutique\/accueil__trashed\/enfant\/short-borgo-copy\/","title":{"rendered":"Short BORGO enfant"},"content":{"rendered":"<p>Short de match et d&rsquo;entra\u00eenement US Vend\u00f4me Football Club enfant<\/p>\n<p>Taille \u00e9lastiqu\u00e9e avec cordon de serrage int\u00e9rieur<br \/>\n| Mati\u00e8re trait\u00e9e sp\u00e9cifiquement pour \u00e9vacuer la<br \/>\ntranspiration | Omini imprim\u00e9 sur l&rsquo;avant du short.<\/p>\n<p>Couleur : Bleu Marine<\/p>\n<p>100% polyester<\/p>\n<p>Taille : 4, 6, 8, 10, 12, 14<\/p>\n<p>r\u00e9f : 321446W<\/p>\n","protected":false},"excerpt":{"rendered":"<p>Short de match et d&rsquo;entra\u00eenement US Vend\u00f4me Football Club enfant<\/p>\n","protected":false},"featured_media":1599,"comment_status":"open","ping_status":"closed","template":"","meta":[],"product_brand":[],"product_cat":[17,49],"product_tag":[],"class_list":{"0":"post-30","1":"product","2":"type-product","3":"status-publish","4":"has-post-thumbnail","6":"product_cat-enfant","7":"product_cat-initiales","9":"first","10":"instock","11":"shipping-taxable","12":"purchasable","13":"product-type-variable"},"_links":{"self":[{"href":"https:\/\/usvfoot41.fr\/boutique\/wp-json\/wp\/v2\/product\/30","targetHints":{"allow":["GET"]}}],"collection":[{"href":"https:\/\/usvfoot41.fr\/boutique\/wp-json\/wp\/v2\/product"}],"about":[{"href":"https:\/\/usvfoot41.fr\/boutique\/wp-json\/wp\/v2\/types\/product"}],"replies":[{"embeddable":true,"href":"https:\/\/usvfoot41.fr\/boutique\/wp-json\/wp\/v2\/comments?post=30"}],"wp:featuredmedia":[{"embeddable":true,"href":"https:\/\/usvfoot41.fr\/boutique\/wp-json\/wp\/v2\/media\/1599"}],"wp:attachment":[{"href":"https:\/\/usvfoot41.fr\/boutique\/wp-json\/wp\/v2\/media?parent=30"}],"wp:term":[{"taxonomy":"product_brand","embeddable":true,"href":"https:\/\/usvfoot41.fr\/boutique\/wp-json\/wp\/v2\/product_brand?post=30"},{"taxonomy":"product_cat","embeddable":true,"href":"https:\/\/usvfoot41.fr\/boutique\/wp-json\/wp\/v2\/product_cat?post=30"},{"taxonomy":"product_tag","embeddable":true,"href":"https:\/\/usvfoot41.fr\/boutique\/wp-json\/wp\/v2\/product_tag?post=30"}],"curies":[{"name":"wp","href":"https:\/\/api.w.org\/{rel}","templated":true}]}}