{"id":20,"date":"2024-10-30T12:06:17","date_gmt":"2024-10-30T11:06:17","guid":{"rendered":"https:\/\/usvfoot41.fr\/boutique\/?post_type=product&#038;p=20"},"modified":"2024-12-25T17:59:55","modified_gmt":"2024-12-25T16:59:55","slug":"polo-ghiolo","status":"publish","type":"product","link":"https:\/\/usvfoot41.fr\/boutique\/accueil__trashed\/adulte\/polo-ghiolo\/","title":{"rendered":"Polo d&rsquo;entra\u00eenement GHIOLO adulte"},"content":{"rendered":"<p>Polo d&rsquo;entra\u00eenement US Vend\u00f4me Football Club adulte<\/p>\n<p>Manches courtes, col polo avec boutons, insert sur les<br \/>\n\u00e9paules en mesh. Mati\u00e8re trait\u00e9e sp\u00e9cifiquement pour<br \/>\n\u00e9vacuer la transpiration. Banda sur les \u00e9paules et logo<br \/>\nOmini imprim\u00e9s sur la poitrine.<\/p>\n<p>100% polyester, SLIM FIT<\/p>\n<p>Couleur : Bleu Marine<\/p>\n<p>Mati\u00e8re : Polyester<\/p>\n<p>Tailles disponibles : S, M, L, XL, 2XL, 3XL,4XL<\/p>\n<p>R\u00e9f : 341G4SW<\/p>\n<p>&nbsp;<\/p>\n<p>&nbsp;<\/p>\n","protected":false},"excerpt":{"rendered":"<p>Polo d&rsquo;entra\u00eenement US Vend\u00f4me Football Club adulte<\/p>\n","protected":false},"featured_media":1682,"comment_status":"open","ping_status":"closed","template":"","meta":[],"product_brand":[],"product_cat":[16,49,48],"product_tag":[],"class_list":{"0":"post-20","1":"product","2":"type-product","3":"status-publish","4":"has-post-thumbnail","6":"product_cat-adulte","7":"product_cat-initiales","8":"product_cat-nom","10":"first","11":"instock","12":"shipping-taxable","13":"purchasable","14":"product-type-variable"},"_links":{"self":[{"href":"https:\/\/usvfoot41.fr\/boutique\/wp-json\/wp\/v2\/product\/20","targetHints":{"allow":["GET"]}}],"collection":[{"href":"https:\/\/usvfoot41.fr\/boutique\/wp-json\/wp\/v2\/product"}],"about":[{"href":"https:\/\/usvfoot41.fr\/boutique\/wp-json\/wp\/v2\/types\/product"}],"replies":[{"embeddable":true,"href":"https:\/\/usvfoot41.fr\/boutique\/wp-json\/wp\/v2\/comments?post=20"}],"wp:featuredmedia":[{"embeddable":true,"href":"https:\/\/usvfoot41.fr\/boutique\/wp-json\/wp\/v2\/media\/1682"}],"wp:attachment":[{"href":"https:\/\/usvfoot41.fr\/boutique\/wp-json\/wp\/v2\/media?parent=20"}],"wp:term":[{"taxonomy":"product_brand","embeddable":true,"href":"https:\/\/usvfoot41.fr\/boutique\/wp-json\/wp\/v2\/product_brand?post=20"},{"taxonomy":"product_cat","embeddable":true,"href":"https:\/\/usvfoot41.fr\/boutique\/wp-json\/wp\/v2\/product_cat?post=20"},{"taxonomy":"product_tag","embeddable":true,"href":"https:\/\/usvfoot41.fr\/boutique\/wp-json\/wp\/v2\/product_tag?post=20"}],"curies":[{"name":"wp","href":"https:\/\/api.w.org\/{rel}","templated":true}]}}