{"id":1392,"date":"2024-11-15T08:57:52","date_gmt":"2024-11-15T07:57:52","guid":{"rendered":"https:\/\/usvfoot41.fr\/boutique\/?post_type=product&#038;p=1392"},"modified":"2024-12-17T11:45:22","modified_gmt":"2024-12-17T10:45:22","slug":"chaussettes-courtes-dentrainement-et-de-match-eleno-unisex-copie","status":"publish","type":"product","link":"https:\/\/usvfoot41.fr\/boutique\/accueil__trashed\/accessoires\/chaussettes-courtes-dentrainement-et-de-match-eleno-unisex-copie\/","title":{"rendered":"Chaussettes classiques LYNA UNISEX"},"content":{"rendered":"<p>Chaussettes classiques d&rsquo;entra\u00eenement et de match LYNA UNISEX<\/p>\n<p>Kappa sur le tibia, Banda sur le mollet<\/p>\n<p>Couleur : Bleu marine<\/p>\n<p>Mati\u00e8res : 97 % polyamide, 3 % \u00e9lasthanne. Omini tricot\u00e9 sur le pied.<\/p>\n<p>Tailles : 27-30, 31-34, 35-38, 39-42, 43-46, 47-49, 50-52<\/p>\n<p>R\u00e9f : 302utz0<\/p>\n","protected":false},"excerpt":{"rendered":"<p>Chaussettes classiques d&rsquo;entra\u00eenement et de match LYNA UNISEX<\/p>\n","protected":false},"featured_media":1619,"comment_status":"open","ping_status":"closed","template":"","meta":[],"product_brand":[],"product_cat":[18,16,17],"product_tag":[],"class_list":{"0":"post-1392","1":"product","2":"type-product","3":"status-publish","4":"has-post-thumbnail","6":"product_cat-accessoires","7":"product_cat-adulte","8":"product_cat-enfant","10":"first","11":"instock","12":"shipping-taxable","13":"purchasable","14":"product-type-variable"},"_links":{"self":[{"href":"https:\/\/usvfoot41.fr\/boutique\/wp-json\/wp\/v2\/product\/1392","targetHints":{"allow":["GET"]}}],"collection":[{"href":"https:\/\/usvfoot41.fr\/boutique\/wp-json\/wp\/v2\/product"}],"about":[{"href":"https:\/\/usvfoot41.fr\/boutique\/wp-json\/wp\/v2\/types\/product"}],"replies":[{"embeddable":true,"href":"https:\/\/usvfoot41.fr\/boutique\/wp-json\/wp\/v2\/comments?post=1392"}],"wp:featuredmedia":[{"embeddable":true,"href":"https:\/\/usvfoot41.fr\/boutique\/wp-json\/wp\/v2\/media\/1619"}],"wp:attachment":[{"href":"https:\/\/usvfoot41.fr\/boutique\/wp-json\/wp\/v2\/media?parent=1392"}],"wp:term":[{"taxonomy":"product_brand","embeddable":true,"href":"https:\/\/usvfoot41.fr\/boutique\/wp-json\/wp\/v2\/product_brand?post=1392"},{"taxonomy":"product_cat","embeddable":true,"href":"https:\/\/usvfoot41.fr\/boutique\/wp-json\/wp\/v2\/product_cat?post=1392"},{"taxonomy":"product_tag","embeddable":true,"href":"https:\/\/usvfoot41.fr\/boutique\/wp-json\/wp\/v2\/product_tag?post=1392"}],"curies":[{"name":"wp","href":"https:\/\/api.w.org\/{rel}","templated":true}]}}