{"id":4256,"date":"2025-06-12T20:44:03","date_gmt":"2025-06-12T18:44:03","guid":{"rendered":"https:\/\/usvfoot41.fr\/boutique\/?page_id=4256"},"modified":"2025-06-26T07:08:04","modified_gmt":"2025-06-26T05:08:04","slug":"licencefutsalg","status":"publish","type":"page","link":"https:\/\/usvfoot41.fr\/boutique\/licencefutsalg\/","title":{"rendered":"Licencefutsalg"},"content":{"rendered":"\t\t<div data-elementor-type=\"wp-page\" data-elementor-id=\"4256\" class=\"elementor elementor-4256\" data-elementor-settings=\"{&quot;ha_cmc_init_switcher&quot;:&quot;no&quot;}\">\n\t\t\t\t<div class=\"elementor-element elementor-element-893a077 e-flex e-con-boxed wpr-particle-no wpr-jarallax-no wpr-parallax-no wpr-sticky-section-no e-con e-parent\" data-id=\"893a077\" data-element_type=\"container\" data-e-type=\"container\" data-settings=\"{&quot;_ha_eqh_enable&quot;:false}\">\n\t\t\t\t\t<div class=\"e-con-inner\">\n\t\t\t\t<div class=\"elementor-element elementor-element-88daaaf elementor-widget elementor-widget-heading\" data-id=\"88daaaf\" data-element_type=\"widget\" data-e-type=\"widget\" data-widget_type=\"heading.default\">\n\t\t\t\t<div class=\"elementor-widget-container\">\n\t\t\t\t\t<h2 class=\"elementor-heading-title elementor-size-default\">LICENCE FUTSAL GAR\u00c7ON<\/h2>\t\t\t\t<\/div>\n\t\t\t\t<\/div>\n\t\t\t\t<div class=\"elementor-element elementor-element-3612d79 elementor-widget elementor-widget-heading\" data-id=\"3612d79\" data-element_type=\"widget\" data-e-type=\"widget\" data-widget_type=\"heading.default\">\n\t\t\t\t<div class=\"elementor-widget-container\">\n\t\t\t\t\t<h2 class=\"elementor-heading-title elementor-size-default\">PRIX DE LA LICENCE : 120 \u20ac<\/h2>\t\t\t\t<\/div>\n\t\t\t\t<\/div>\n\t\t\t\t\t<\/div>\n\t\t\t\t<\/div>\n\t\t<div class=\"elementor-element elementor-element-169a06d e-flex e-con-boxed wpr-particle-no wpr-jarallax-no wpr-parallax-no wpr-sticky-section-no e-con e-parent\" data-id=\"169a06d\" data-element_type=\"container\" data-e-type=\"container\" data-settings=\"{&quot;_ha_eqh_enable&quot;:false}\">\n\t\t\t\t\t<div class=\"e-con-inner\">\n\t\t\t\t<div class=\"elementor-element elementor-element-a2374b8 elementor-widget elementor-widget-text-editor\" data-id=\"a2374b8\" data-element_type=\"widget\" data-e-type=\"widget\" data-widget_type=\"text-editor.default\">\n\t\t\t\t<div class=\"elementor-widget-container\">\n\t\t\t\t\t\t\t\t\t<p>Choisissez les options de chaque produit en cliquant sur le bouton et ajoutez les au panier.<\/p>\t\t\t\t\t\t\t\t<\/div>\n\t\t\t\t<\/div>\n\t\t\t\t<div class=\"elementor-element elementor-element-6423306 elementor-widget elementor-widget-text-editor\" data-id=\"6423306\" data-element_type=\"widget\" data-e-type=\"widget\" data-widget_type=\"text-editor.default\">\n\t\t\t\t<div class=\"elementor-widget-container\">\n\t\t\t\t\t\t\t\t\t<p>AJOUTEZ BIEN VOTRE LICENCE AU PANIER EN PLUS DE VOTRE OU VOS TEXTILE(S)<\/p>\t\t\t\t\t\t\t\t<\/div>\n\t\t\t\t<\/div>\n\t\t\t\t<div class=\"elementor-element elementor-element-cb3d929 elementor-widget elementor-widget-text-editor\" data-id=\"cb3d929\" data-element_type=\"widget\" data-e-type=\"widget\" data-widget_type=\"text-editor.default\">\n\t\t\t\t<div class=\"elementor-widget-container\">\n\t\t\t\t\t\t\t\t\t<p>Les produits sont inclus dans la licence mais les flocages sont \u00e0 votre charge.<\/p>\t\t\t\t\t\t\t\t<\/div>\n\t\t\t\t<\/div>\n\t\t\t\t\t<\/div>\n\t\t\t\t<\/div>\n\t\t<div class=\"elementor-element elementor-element-be0befd e-flex e-con-boxed wpr-particle-no wpr-jarallax-no wpr-parallax-no wpr-sticky-section-no e-con e-parent\" data-id=\"be0befd\" data-element_type=\"container\" data-e-type=\"container\" data-settings=\"{&quot;_ha_eqh_enable&quot;:false}\">\n\t\t\t\t\t<div class=\"e-con-inner\">\n\t\t\t\t<div class=\"elementor-element elementor-element-b106967 wpr-grid-columns-3 wpr-grid-columns--laptop3 wpr-grid-columns--tablet2 wpr-grid-columns--mobile1 wpr-grid-pagination-center wpr-item-styles-inner elementor-widget elementor-widget-wpr-woo-grid\" data-id=\"b106967\" data-element_type=\"widget\" data-e-type=\"widget\" data-widget_type=\"wpr-woo-grid.default\">\n\t\t\t\t<div class=\"elementor-widget-container\">\n\t\t\t\t\t<ul class=\"wpr-grid-filters elementor-clearfix wpr-grid-filters-sep-right\"><li class=\" wpr-pointer-none wpr-pointer-line-fx wpr-pointer-fx-none\"><span data-filter=\"*\" class=\"wpr-active-filter \">All<\/span><em class=\"wpr-grid-filters-sep\"><\/em><\/li><li class=\" wpr-pointer-none wpr-pointer-line-fx wpr-pointer-fx-none\"><span  data-ajax-filter=[\"product_cat\",\"accessoires\"] data-filter=\".product_cat-accessoires\">Accessoires<\/span><em class=\"wpr-grid-filters-sep\"><\/em><\/li><li class=\" wpr-pointer-none wpr-pointer-line-fx wpr-pointer-fx-none\"><span  data-ajax-filter=[\"product_cat\",\"adulte\"] data-filter=\".product_cat-adulte\">Adulte<\/span><em class=\"wpr-grid-filters-sep\"><\/em><\/li><li class=\" wpr-pointer-none wpr-pointer-line-fx wpr-pointer-fx-none\"><span  data-ajax-filter=[\"product_cat\",\"baby-futsal\"] data-filter=\".product_cat-baby-futsal\">BabyFutsal<\/span><em class=\"wpr-grid-filters-sep\"><\/em><\/li><li class=\" wpr-pointer-none wpr-pointer-line-fx wpr-pointer-fx-none\"><span  data-ajax-filter=[\"product_cat\",\"enfant\"] data-filter=\".product_cat-enfant\">Enfant<\/span><em class=\"wpr-grid-filters-sep\"><\/em><\/li><li class=\" wpr-pointer-none wpr-pointer-line-fx wpr-pointer-fx-none\"><span  data-ajax-filter=[\"product_cat\",\"initiales\"] data-filter=\".product_cat-initiales\">Initiales<\/span><em class=\"wpr-grid-filters-sep\"><\/em><\/li><li class=\" wpr-pointer-none wpr-pointer-line-fx wpr-pointer-fx-none\"><span  data-ajax-filter=[\"product_cat\",\"licences\"] data-filter=\".product_cat-licences\">Licences<\/span><em class=\"wpr-grid-filters-sep\"><\/em><\/li><li class=\" wpr-pointer-none wpr-pointer-line-fx wpr-pointer-fx-none\"><span  data-ajax-filter=[\"product_cat\",\"nom\"] data-filter=\".product_cat-nom\">Nom<\/span><em class=\"wpr-grid-filters-sep\"><\/em><\/li><li class=\" wpr-pointer-none wpr-pointer-line-fx wpr-pointer-fx-none\"><span  data-ajax-filter=[\"product_cat\",\"seniors-fille\"] data-filter=\".product_cat-seniors-fille\">S\u00e9niors Fille<\/span><em class=\"wpr-grid-filters-sep\"><\/em><\/li><li class=\" wpr-pointer-none wpr-pointer-line-fx wpr-pointer-fx-none\"><span  data-ajax-filter=[\"product_cat\",\"seniors-futsal-fille\"] data-filter=\".product_cat-seniors-futsal-fille\">S\u00e9niors Futsal Fille<\/span><em class=\"wpr-grid-filters-sep\"><\/em><\/li><li class=\" wpr-pointer-none wpr-pointer-line-fx wpr-pointer-fx-none\"><span  data-ajax-filter=[\"product_cat\",\"seniors-futsal-garcon\"] data-filter=\".product_cat-seniors-futsal-garcon\">S\u00e9niors Futsal Gar\u00e7on<\/span><em class=\"wpr-grid-filters-sep\"><\/em><\/li><li class=\" wpr-pointer-none wpr-pointer-line-fx wpr-pointer-fx-none\"><span  data-ajax-filter=[\"product_cat\",\"seniors-garcon\"] data-filter=\".product_cat-seniors-garcon\">S\u00e9niors Gar\u00e7on<\/span><em class=\"wpr-grid-filters-sep\"><\/em><\/li><li class=\" wpr-pointer-none wpr-pointer-line-fx wpr-pointer-fx-none\"><span  data-ajax-filter=[\"product_cat\",\"u10-u13\"] data-filter=\".product_cat-u10-u13\">U10-U13<\/span><em class=\"wpr-grid-filters-sep\"><\/em><\/li><li class=\" wpr-pointer-none wpr-pointer-line-fx wpr-pointer-fx-none\"><span  data-ajax-filter=[\"product_cat\",\"u14-u18-fille\"] data-filter=\".product_cat-u14-u18-fille\">U14-U18 Fille<\/span><em class=\"wpr-grid-filters-sep\"><\/em><\/li><li class=\" wpr-pointer-none wpr-pointer-line-fx wpr-pointer-fx-none\"><span  data-ajax-filter=[\"product_cat\",\"u14-u18-garcon\"] data-filter=\".product_cat-u14-u18-garcon\">U14-U18 Gar\u00e7on<\/span><em class=\"wpr-grid-filters-sep\"><\/em><\/li><li class=\" wpr-pointer-none wpr-pointer-line-fx wpr-pointer-fx-none\"><span  data-ajax-filter=[\"product_cat\",\"u6-u7\"] data-filter=\".product_cat-u6-u7\">U6-U7<\/span><em class=\"wpr-grid-filters-sep\"><\/em><\/li><li class=\" wpr-pointer-none wpr-pointer-line-fx wpr-pointer-fx-none\"><span  data-ajax-filter=[\"product_cat\",\"u8-u9\"] data-filter=\".product_cat-u8-u9\">U8-U9<\/span><em class=\"wpr-grid-filters-sep\"><\/em><\/li><li class=\" wpr-pointer-none wpr-pointer-line-fx wpr-pointer-fx-none\"><span  data-ajax-filter=[\"product_cat\",\"veterans\"] data-filter=\".product_cat-veterans\">V\u00e9t\u00e9rans<\/span><em class=\"wpr-grid-filters-sep\"><\/em><\/li><\/ul><section class=\"wpr-grid elementor-clearfix\" data-settings=\"{&quot;layout&quot;:&quot;fitRows&quot;,&quot;stick_last_element_to_bottom&quot;:&quot;&quot;,&quot;columns_desktop&quot;:&quot;3&quot;,&quot;gutter_hr&quot;:50,&quot;gutter_hr_mobile&quot;:50,&quot;gutter_hr_mobile_extra&quot;:50,&quot;gutter_hr_tablet&quot;:50,&quot;gutter_hr_tablet_extra&quot;:50,&quot;gutter_hr_laptop&quot;:50,&quot;gutter_hr_widescreen&quot;:50,&quot;gutter_vr&quot;:50,&quot;gutter_vr_mobile&quot;:50,&quot;gutter_vr_mobile_extra&quot;:50,&quot;gutter_vr_tablet&quot;:50,&quot;gutter_vr_tablet_extra&quot;:50,&quot;gutter_vr_laptop&quot;:50,&quot;gutter_vr_widescreen&quot;:50,&quot;animation&quot;:&quot;default&quot;,&quot;animation_duration&quot;:0.3,&quot;animation_delay&quot;:0.1,&quot;deeplinking&quot;:&quot;&quot;,&quot;filters_linkable&quot;:&quot;no&quot;,&quot;filters_default_filter&quot;:&quot;&quot;,&quot;filters_count&quot;:&quot;&quot;,&quot;filters_hide_empty&quot;:&quot;no&quot;,&quot;filters_animation&quot;:&quot;default&quot;,&quot;filters_animation_duration&quot;:0.3,&quot;filters_animation_delay&quot;:0.1,&quot;pagination_type&quot;:&quot;load-more&quot;,&quot;pagination_max_pages&quot;:1,&quot;query_posts_per_page&quot;:9,&quot;lightbox&quot;:{&quot;selector&quot;:&quot;.wpr-grid-image-wrap&quot;,&quot;iframeMaxWidth&quot;:&quot;60%&quot;,&quot;hash&quot;:false,&quot;autoplay&quot;:&quot;true&quot;,&quot;pause&quot;:5000,&quot;progressBar&quot;:&quot;true&quot;,&quot;counter&quot;:&quot;true&quot;,&quot;controls&quot;:&quot;true&quot;,&quot;getCaptionFromTitleOrAlt&quot;:&quot;true&quot;,&quot;thumbnail&quot;:&quot;&quot;,&quot;showThumbByDefault&quot;:&quot;&quot;,&quot;share&quot;:&quot;&quot;,&quot;zoom&quot;:&quot;true&quot;,&quot;fullScreen&quot;:&quot;true&quot;,&quot;download&quot;:&quot;true&quot;}}\" data-advanced-filters=\"no\" data-found-posts = 3><article class=\"wpr-grid-item elementor-clearfix post-3537 product type-product status-publish has-post-thumbnail product_cat-licences product_cat-seniors-garcon first instock shipping-taxable purchasable product-type-simple\"><div class=\"wpr-grid-item-inner\"><div class=\"wpr-grid-media-wrap wpr-effect-size-medium \" data-overlay-link=\"yes\"><div class=\"wpr-grid-image-wrap\" data-src=\"https:\/\/usvfoot41.fr\/boutique\/wp-content\/uploads\/2025\/06\/usv-768x768.png\"  data-img-on-hover=\"\" data-src-secondary=\"\"><img decoding=\"async\" src=\"https:\/\/usvfoot41.fr\/boutique\/wp-content\/uploads\/2025\/06\/usv-768x768.png\" alt=\"Licence S\u00c9NIORS GAR\u00c7ON + Pack\" class=\"wpr-anim-timing-ease-default\"><\/div><div class=\"wpr-grid-media-hover wpr-animation-wrap\"><div class=\"wpr-grid-media-hover-bg  wpr-overlay-fade-in wpr-anim-size-large wpr-anim-timing-ease-default wpr-anim-transparency\" data-url=\"https:\/\/usvfoot41.fr\/boutique\/accueil__trashed\/licences\/licence-seniors-garcon-pack\/\"><\/div><\/div><\/div><div class=\"wpr-grid-item-below-content elementor-clearfix\"><h2 class=\"wpr-grid-item-title elementor-repeater-item-a673325 wpr-grid-item-display-block wpr-grid-item-align-center wpr-pointer-none wpr-pointer-line-fx wpr-pointer-fx-fade\"><div class=\"inner-block\"><a target=\"_self\"   href=\"https:\/\/usvfoot41.fr\/boutique\/accueil__trashed\/licences\/licence-seniors-garcon-pack\/\">Licence S\u00c9NIORS GAR\u00c7ON + Pack<\/a><\/div><\/h2><div class=\"wpr-grid-item-price elementor-repeater-item-a8bf400 wpr-grid-item-display-block wpr-grid-item-align-center\"><div class=\"inner-block\"><span><span class=\"woocommerce-Price-amount amount\">190,00&nbsp;<span class=\"woocommerce-Price-currencySymbol\">&euro;<\/span><\/span><\/span><\/div><\/div><div class=\"wpr-grid-item-add-to-cart elementor-repeater-item-a51fe80 wpr-grid-item-display-block wpr-grid-item-align-left\"><div class=\"inner-block\"><a data-pid=\"3537\" class=\"shopengine_add_to_list_action shopengine-wishlist badge se-btn inactive\" href=\"#\" ><i class=\"shopengine-icon-add_to_favourite_1\"><\/i><\/a><a title='Aper\u00e7u rapide' class='shopengine-quickview-trigger se-btn'\n\t\t\t\t\tdata-source-url='https:\/\/usvfoot41.fr\/boutique\/accueil__trashed\/licences\/licence-seniors-garcon-pack\/'\n\t\t\t\t\thref='https:\/\/usvfoot41.fr\/boutique\/accueil__trashed\/licences\/licence-seniors-garcon-pack\/'>\n\t\t\t\t\t<i class=\"shopengine-icon-quick_view_1\"><\/i>\n\t\t\t\t<\/a>Add to Cart<a data-payload='{\"pid\":3537}' class=\"shopengine_comparison_add_to_list_action shopengine-comparison badge se-btn inactive\"> <i class=\"shopengine-icon-product_compare_1\"><\/i> <\/a><\/div><\/div><\/div><\/div><\/article><article class=\"wpr-grid-item elementor-clearfix post-3357 product type-product status-publish has-post-thumbnail product_cat-adulte product_cat-initiales product_cat-nom product_cat-seniors-fille product_cat-seniors-futsal-garcon product_cat-seniors-garcon  instock sold-individually shipping-taxable purchasable product-type-variable\"><div class=\"wpr-grid-item-inner\"><div class=\"wpr-grid-media-wrap wpr-effect-size-medium \" data-overlay-link=\"yes\"><div class=\"wpr-grid-image-wrap\" data-src=\"https:\/\/usvfoot41.fr\/boutique\/wp-content\/uploads\/2025\/06\/GREVOLO-768x768.png\"  data-img-on-hover=\"\" data-src-secondary=\"\"><img decoding=\"async\" src=\"https:\/\/usvfoot41.fr\/boutique\/wp-content\/uploads\/2025\/06\/GREVOLO-768x768.png\" alt=\"Veste d&rsquo;entra\u00eenement GREVOLO Licence\" class=\"wpr-anim-timing-ease-default\"><\/div><div class=\"wpr-grid-media-hover wpr-animation-wrap\"><div class=\"wpr-grid-media-hover-bg  wpr-overlay-fade-in wpr-anim-size-large wpr-anim-timing-ease-default wpr-anim-transparency\" data-url=\"https:\/\/usvfoot41.fr\/boutique\/accueil__trashed\/adulte\/veste-dentrainement-grevolo-adulte-licence\/\"><\/div><\/div><\/div><div class=\"wpr-grid-item-below-content elementor-clearfix\"><h2 class=\"wpr-grid-item-title elementor-repeater-item-a673325 wpr-grid-item-display-block wpr-grid-item-align-center wpr-pointer-none wpr-pointer-line-fx wpr-pointer-fx-fade\"><div class=\"inner-block\"><a target=\"_self\"   href=\"https:\/\/usvfoot41.fr\/boutique\/accueil__trashed\/adulte\/veste-dentrainement-grevolo-adulte-licence\/\">Veste d&rsquo;entra\u00eenement GREVOLO Licence<\/a><\/div><\/h2><div class=\"wpr-grid-item-price elementor-repeater-item-a8bf400 wpr-grid-item-display-block wpr-grid-item-align-center\"><div class=\"inner-block\"><span><span class=\"woocommerce-Price-amount amount\" aria-hidden=\"true\">0,00&nbsp;<span class=\"woocommerce-Price-currencySymbol\">&euro;<\/span><\/span> <span aria-hidden=\"true\">\u00a0\u2013\u00a0<\/span> <span class=\"woocommerce-Price-amount amount\" aria-hidden=\"true\">7,00&nbsp;<span class=\"woocommerce-Price-currencySymbol\">&euro;<\/span><\/span><span class=\"screen-reader-text\">Plage de prix\u00a0: 0,00&nbsp;&euro; \u00e0 7,00&nbsp;&euro;<\/span><\/span><\/div><\/div><div class=\"wpr-grid-item-add-to-cart elementor-repeater-item-a51fe80 wpr-grid-item-display-block wpr-grid-item-align-left\"><div class=\"inner-block\"><a data-pid=\"3357\" class=\"shopengine_add_to_list_action shopengine-wishlist badge se-btn inactive\" href=\"#\" ><i class=\"shopengine-icon-add_to_favourite_1\"><\/i><\/a><a title='Aper\u00e7u rapide' class='shopengine-quickview-trigger se-btn'\n\t\t\t\t\tdata-source-url='https:\/\/usvfoot41.fr\/boutique\/accueil__trashed\/adulte\/veste-dentrainement-grevolo-adulte-licence\/'\n\t\t\t\t\thref='https:\/\/usvfoot41.fr\/boutique\/accueil__trashed\/adulte\/veste-dentrainement-grevolo-adulte-licence\/'>\n\t\t\t\t\t<i class=\"shopengine-icon-quick_view_1\"><\/i>\n\t\t\t\t<\/a>View Products<a data-payload='{\"pid\":3357}' class=\"shopengine_comparison_add_to_list_action shopengine-comparison badge se-btn inactive\"> <i class=\"shopengine-icon-product_compare_1\"><\/i> <\/a><\/div><\/div><\/div><\/div><\/article><article class=\"wpr-grid-item elementor-clearfix post-3192 product type-product status-publish has-post-thumbnail product_cat-accessoires product_cat-adulte product_cat-enfant product_cat-seniors-fille product_cat-seniors-garcon product_cat-u10-u13 product_cat-u14-u18-fille product_cat-u14-u18-garcon product_cat-u6-u7 product_cat-u8-u9  instock sold-individually shipping-taxable purchasable product-type-variable\"><div class=\"wpr-grid-item-inner\"><div class=\"wpr-grid-media-wrap wpr-effect-size-medium \" data-overlay-link=\"yes\"><div class=\"wpr-grid-image-wrap\" data-src=\"https:\/\/usvfoot41.fr\/boutique\/wp-content\/uploads\/2024\/11\/lyna-768x768.png\"  data-img-on-hover=\"\" data-src-secondary=\"\"><img decoding=\"async\" src=\"https:\/\/usvfoot41.fr\/boutique\/wp-content\/uploads\/2024\/11\/lyna-768x768.png\" alt=\"Chaussettes classiques LYNA UNISEX Licence\" class=\"wpr-anim-timing-ease-default\"><\/div><div class=\"wpr-grid-media-hover wpr-animation-wrap\"><div class=\"wpr-grid-media-hover-bg  wpr-overlay-fade-in wpr-anim-size-large wpr-anim-timing-ease-default wpr-anim-transparency\" data-url=\"https:\/\/usvfoot41.fr\/boutique\/accueil__trashed\/accessoires\/chaussettes-classiques-lyna-unisex-license\/\"><\/div><\/div><\/div><div class=\"wpr-grid-item-below-content elementor-clearfix\"><h2 class=\"wpr-grid-item-title elementor-repeater-item-a673325 wpr-grid-item-display-block wpr-grid-item-align-center wpr-pointer-none wpr-pointer-line-fx wpr-pointer-fx-fade\"><div class=\"inner-block\"><a target=\"_self\"   href=\"https:\/\/usvfoot41.fr\/boutique\/accueil__trashed\/accessoires\/chaussettes-classiques-lyna-unisex-license\/\">Chaussettes classiques LYNA UNISEX Licence<\/a><\/div><\/h2><div class=\"wpr-grid-item-price elementor-repeater-item-a8bf400 wpr-grid-item-display-block wpr-grid-item-align-center\"><div class=\"inner-block\"><span><span class=\"woocommerce-Price-amount amount\">0,00&nbsp;<span class=\"woocommerce-Price-currencySymbol\">&euro;<\/span><\/span><\/span><\/div><\/div><div class=\"wpr-grid-item-add-to-cart elementor-repeater-item-a51fe80 wpr-grid-item-display-block wpr-grid-item-align-left\"><div class=\"inner-block\"><a data-pid=\"3192\" class=\"shopengine_add_to_list_action shopengine-wishlist badge se-btn inactive\" href=\"#\" ><i class=\"shopengine-icon-add_to_favourite_1\"><\/i><\/a><a title='Aper\u00e7u rapide' class='shopengine-quickview-trigger se-btn'\n\t\t\t\t\tdata-source-url='https:\/\/usvfoot41.fr\/boutique\/accueil__trashed\/accessoires\/chaussettes-classiques-lyna-unisex-license\/'\n\t\t\t\t\thref='https:\/\/usvfoot41.fr\/boutique\/accueil__trashed\/accessoires\/chaussettes-classiques-lyna-unisex-license\/'>\n\t\t\t\t\t<i class=\"shopengine-icon-quick_view_1\"><\/i>\n\t\t\t\t<\/a>View Products<a data-payload='{\"pid\":3192}' class=\"shopengine_comparison_add_to_list_action shopengine-comparison badge se-btn inactive\"> <i class=\"shopengine-icon-product_compare_1\"><\/i> <\/a><\/div><\/div><\/div><\/div><\/article><\/section>\t\t\t\t<\/div>\n\t\t\t\t<\/div>\n\t\t\t\t\t<\/div>\n\t\t\t\t<\/div>\n\t\t<div class=\"elementor-element elementor-element-9ed8f11 e-flex e-con-boxed wpr-particle-no wpr-jarallax-no wpr-parallax-no wpr-sticky-section-no e-con e-parent\" data-id=\"9ed8f11\" data-element_type=\"container\" data-e-type=\"container\" data-settings=\"{&quot;_ha_eqh_enable&quot;:false}\">\n\t\t\t\t\t<div class=\"e-con-inner\">\n\t\t\t\t<div class=\"elementor-element elementor-element-89193cb elementor-widget elementor-widget-image\" data-id=\"89193cb\" data-element_type=\"widget\" data-e-type=\"widget\" data-widget_type=\"image.default\">\n\t\t\t\t<div class=\"elementor-widget-container\">\n\t\t\t\t\t\t\t\t\t\t\t\t\t\t\t<img fetchpriority=\"high\" decoding=\"async\" width=\"264\" height=\"191\" src=\"https:\/\/usvfoot41.fr\/boutique\/wp-content\/uploads\/2025\/06\/PASSSPORT.jpeg\" class=\"attachment-large size-large wp-image-3489\" alt=\"\" \/>\t\t\t\t\t\t\t\t\t\t\t\t\t\t\t<\/div>\n\t\t\t\t<\/div>\n\t\t\t\t<div class=\"elementor-element elementor-element-8a25d24 elementor-widget elementor-widget-text-editor\" data-id=\"8a25d24\" data-element_type=\"widget\" data-e-type=\"widget\" data-widget_type=\"text-editor.default\">\n\t\t\t\t<div class=\"elementor-widget-container\">\n\t\t\t\t\t\t\t\t\t<p>APPLIQUEZ LE CODE PROMO<\/p>\t\t\t\t\t\t\t\t<\/div>\n\t\t\t\t<\/div>\n\t\t\t\t<div class=\"elementor-element elementor-element-32b81b6 elementor-widget elementor-widget-text-editor\" data-id=\"32b81b6\" data-element_type=\"widget\" data-e-type=\"widget\" data-widget_type=\"text-editor.default\">\n\t\t\t\t<div class=\"elementor-widget-container\">\n\t\t\t\t\t\t\t\t\t<p>PASSSPORT2025<\/p>\t\t\t\t\t\t\t\t<\/div>\n\t\t\t\t<\/div>\n\t\t\t\t<div class=\"elementor-element elementor-element-aa82c5d elementor-widget elementor-widget-text-editor\" data-id=\"aa82c5d\" data-element_type=\"widget\" data-e-type=\"widget\" data-widget_type=\"text-editor.default\">\n\t\t\t\t<div class=\"elementor-widget-container\">\n\t\t\t\t\t\t\t\t\t<p>DANS LA PAGE DE PAIEMENT POUR VALIDER LA REMISE DE 70\u20ac<\/p>\t\t\t\t\t\t\t\t<\/div>\n\t\t\t\t<\/div>\n\t\t\t\t\t<\/div>\n\t\t\t\t<\/div>\n\t\t<div class=\"elementor-element elementor-element-02a201a e-flex e-con-boxed wpr-particle-no wpr-jarallax-no wpr-parallax-no wpr-sticky-section-no e-con e-parent\" data-id=\"02a201a\" data-element_type=\"container\" data-e-type=\"container\" data-settings=\"{&quot;_ha_eqh_enable&quot;:false}\">\n\t\t\t\t\t<div class=\"e-con-inner\">\n\t\t\t\t<div class=\"elementor-element elementor-element-bb24c0c elementor-widget elementor-widget-html\" data-id=\"bb24c0c\" data-element_type=\"widget\" data-e-type=\"widget\" data-widget_type=\"html.default\">\n\t\t\t\t<div class=\"elementor-widget-container\">\n\t\t\t\t\t<a href=\"?empty-cart\" class=\"clear-cart-button\">\ud83d\uddd1\ufe0f Vider le panier<\/a>\n\n<style>\n.clear-cart-button {\n  display: inline-block;\n  background-color: #ffffff;\n  color: #000000;\n  border: 2px solid #e63946;\n  padding: 10px 20px;\n  border-radius: 6px;\n  font-weight: bold;\n  text-decoration: none;\n  transition: all 0.3s ease;\n}\n\n.clear-cart-button:hover {\n  background-color: #e63946;\n  color: #ffffff;\n}\n<\/style>\t\t\t\t<\/div>\n\t\t\t\t<\/div>\n\t\t\t\t\t<\/div>\n\t\t\t\t<\/div>\n\t\t\t\t<\/div>\n\t\t","protected":false},"excerpt":{"rendered":"<p>LICENCE FUTSAL GAR\u00c7ON PRIX DE LA LICENCE : 120 \u20ac Choisissez les options de chaque produit en cliquant sur le bouton et ajoutez les au panier. AJOUTEZ BIEN VOTRE LICENCE AU PANIER EN PLUS DE VOTRE OU VOS TEXTILE(S) Les produits sont inclus dans la licence mais les flocages sont \u00e0 votre charge. All Accessoires Adulte BabyFutsal Enfant Initiales Licences Nom S\u00e9niors Fille S\u00e9niors Futsal Fille S\u00e9niors Futsal Gar\u00e7on S\u00e9niors Gar\u00e7on U10-U13 U14-U18 Fille U14-U18 Gar\u00e7on U6-U7 U8-U9 V\u00e9t\u00e9rans Licence S\u00c9NIORS GAR\u00c7ON + Pack 190,00&nbsp;&euro; Add to Cart Veste d&rsquo;entra\u00eenement GREVOLO Licence 0,00&nbsp;&euro; &ndash; 7,00&nbsp;&euro; View Products Chaussettes classiques LYNA UNISEX Licence 0,00&nbsp;&euro; View Products APPLIQUEZ LE CODE PROMO PASSSPORT2025 DANS LA PAGE DE PAIEMENT POUR VALIDER LA REMISE DE 70\u20ac \ud83d\uddd1\ufe0f Vider le panier<\/p>\n","protected":false},"author":1,"featured_media":0,"parent":0,"menu_order":0,"comment_status":"closed","ping_status":"closed","template":"","meta":{"footnotes":""},"class_list":["post-4256","page","type-page","status-publish","hentry"],"blocksy_meta":[],"_links":{"self":[{"href":"https:\/\/usvfoot41.fr\/boutique\/wp-json\/wp\/v2\/pages\/4256","targetHints":{"allow":["GET"]}}],"collection":[{"href":"https:\/\/usvfoot41.fr\/boutique\/wp-json\/wp\/v2\/pages"}],"about":[{"href":"https:\/\/usvfoot41.fr\/boutique\/wp-json\/wp\/v2\/types\/page"}],"author":[{"embeddable":true,"href":"https:\/\/usvfoot41.fr\/boutique\/wp-json\/wp\/v2\/users\/1"}],"replies":[{"embeddable":true,"href":"https:\/\/usvfoot41.fr\/boutique\/wp-json\/wp\/v2\/comments?post=4256"}],"version-history":[{"count":7,"href":"https:\/\/usvfoot41.fr\/boutique\/wp-json\/wp\/v2\/pages\/4256\/revisions"}],"predecessor-version":[{"id":4359,"href":"https:\/\/usvfoot41.fr\/boutique\/wp-json\/wp\/v2\/pages\/4256\/revisions\/4359"}],"wp:attachment":[{"href":"https:\/\/usvfoot41.fr\/boutique\/wp-json\/wp\/v2\/media?parent=4256"}],"curies":[{"name":"wp","href":"https:\/\/api.w.org\/{rel}","templated":true}]}}