{"id":1905,"date":"2024-11-22T08:40:22","date_gmt":"2024-11-22T07:40:22","guid":{"rendered":"https:\/\/usvfoot41.fr\/boutique\/?page_id=1905"},"modified":"2025-06-17T13:39:38","modified_gmt":"2025-06-17T11:39:38","slug":"panier","status":"publish","type":"page","link":"https:\/\/usvfoot41.fr\/boutique\/panier\/","title":{"rendered":"panier"},"content":{"rendered":"\t\t<div data-elementor-type=\"wp-page\" data-elementor-id=\"1905\" class=\"elementor elementor-1905\" data-elementor-settings=\"{&quot;ha_cmc_init_switcher&quot;:&quot;no&quot;}\">\n\t\t\t\t<div class=\"elementor-element elementor-element-8ee86e6 e-flex e-con-boxed wpr-particle-no wpr-jarallax-no wpr-parallax-no wpr-sticky-section-no wpr-equal-height-no e-con e-parent\" data-id=\"8ee86e6\" data-element_type=\"container\" data-e-type=\"container\" data-settings=\"{&quot;_ha_eqh_enable&quot;:false}\">\n\t\t\t\t\t<div class=\"e-con-inner\">\n\t\t\t\t<div class=\"elementor-element elementor-element-06491a9 elementor-widget elementor-widget-heading\" data-id=\"06491a9\" data-element_type=\"widget\" data-e-type=\"widget\" data-widget_type=\"heading.default\">\n\t\t\t\t<div class=\"elementor-widget-container\">\n\t\t\t\t\t<h2 class=\"elementor-heading-title elementor-size-default\">Votre Panier<\/h2>\t\t\t\t<\/div>\n\t\t\t\t<\/div>\n\t\t\t\t\t<\/div>\n\t\t\t\t<\/div>\n\t\t<div class=\"elementor-element elementor-element-92c8baa e-flex e-con-boxed wpr-particle-no wpr-jarallax-no wpr-parallax-no wpr-sticky-section-no wpr-equal-height-no e-con e-parent\" data-id=\"92c8baa\" data-element_type=\"container\" data-e-type=\"container\" data-settings=\"{&quot;_ha_eqh_enable&quot;:false}\">\n\t\t\t\t\t<div class=\"e-con-inner\">\n\t\t\t\t<div class=\"elementor-element elementor-element-7602849 elementor-widget elementor-widget-shortcode\" data-id=\"7602849\" data-element_type=\"widget\" data-e-type=\"widget\" data-widget_type=\"shortcode.default\">\n\t\t\t\t<div class=\"elementor-widget-container\">\n\t\t\t\t\t\t\t<div class=\"elementor-shortcode\"><\/div>\n\t\t\t\t\t\t<\/div>\n\t\t\t\t<\/div>\n\t\t\t\t\t<\/div>\n\t\t\t\t<\/div>\n\t\t<div class=\"elementor-element elementor-element-5ff80d1 elementor-hidden-desktop elementor-hidden-laptop elementor-hidden-tablet elementor-hidden-mobile e-flex e-con-boxed wpr-particle-no wpr-jarallax-no wpr-parallax-no wpr-sticky-section-no wpr-equal-height-no e-con e-parent\" data-id=\"5ff80d1\" data-element_type=\"container\" data-e-type=\"container\" data-settings=\"{&quot;_ha_eqh_enable&quot;:false}\">\n\t\t\t\t\t<div class=\"e-con-inner\">\n\t\t\t\t\t<\/div>\n\t\t\t\t<\/div>\n\t\t<div class=\"elementor-element elementor-element-c7c8781 e-flex e-con-boxed wpr-particle-no wpr-jarallax-no wpr-parallax-no wpr-sticky-section-no wpr-equal-height-no e-con e-parent\" data-id=\"c7c8781\" data-element_type=\"container\" data-e-type=\"container\" data-settings=\"{&quot;_ha_eqh_enable&quot;:false}\">\n\t\t\t\t\t<div class=\"e-con-inner\">\n\t\t\t\t<div class=\"elementor-element elementor-element-1372df6 elementor-widget elementor-widget-html\" data-id=\"1372df6\" data-element_type=\"widget\" data-e-type=\"widget\" data-widget_type=\"html.default\">\n\t\t\t\t<div class=\"elementor-widget-container\">\n\t\t\t\t\t<a href=\"?empty-cart\" class=\"button clear-cart-button\" style=\"background:#c00;color:#fff;padding:10px 20px;border-radius:5px;text-decoration:none;\">\n  \ud83d\uddd1\ufe0f Vider le panier\n<\/a>\n\n<style>\n.clear-cart-button {\n  display: inline-block;\n  background-color: #ffffff;\n  color: #000000;\n  border: 2px solid #e63946;\n  padding: 10px 20px;\n  border-radius: 6px;\n  font-weight: bold;\n  text-decoration: none;\n  transition: all 0.3s ease;\n}\n\n.clear-cart-button:hover {\n  background-color: #e63946;\n  color: #ffffff;\n}\n<\/style>\t\t\t\t<\/div>\n\t\t\t\t<\/div>\n\t\t\t\t\t<\/div>\n\t\t\t\t<\/div>\n\t\t\t\t<\/div>\n\t\t","protected":false},"excerpt":{"rendered":"<p>Votre Panier Vous devez ajouter une licence \u00e0 votre panier avant de pouvoir commander d&rsquo;autres produits. &nbsp; Produit &nbsp; Prix Quantit\u00e9 Sous-total &times; Coupe-vent WISTER License&nbsp; Taille: 12 Flocage des initialies: Non 0,00&nbsp;&euro; 1 0,00&nbsp;&euro; &times; Maillot d&rsquo;entra\u00eenement DOVO Licence&nbsp; Taille: 12 Flocage des initialies: Non Flocage du nom: Non 0,00&nbsp;&euro; 1 0,00&nbsp;&euro; &times; Chaussettes classiques LYNA UNISEX Licence &#8211; 35-38&nbsp; 0,00&nbsp;&euro; 1 0,00&nbsp;&euro; Mettre le panier \u00e0 jour Appliquer le code promo Total Sous-total 0,00&nbsp;&euro; Exp\u00e9dition A retirer au club Livraison \u00e0 10 rue albert camus, 41100 VENDOME. Modifier l\u2019adresse Pays\u00a0\/ r\u00e9gion S\u00e9lectionner un pays\/r\u00e9gion\u2026France Ville\u00a0: Code postal Update Total 0,00&nbsp;&euro; Passer au paiement \ud83d\uddd1\ufe0f Vider le panier<\/p>\n","protected":false},"author":1,"featured_media":0,"parent":0,"menu_order":0,"comment_status":"closed","ping_status":"closed","template":"","meta":{"footnotes":""},"class_list":["post-1905","page","type-page","status-publish","hentry"],"blocksy_meta":[],"_links":{"self":[{"href":"https:\/\/usvfoot41.fr\/boutique\/wp-json\/wp\/v2\/pages\/1905","targetHints":{"allow":["GET"]}}],"collection":[{"href":"https:\/\/usvfoot41.fr\/boutique\/wp-json\/wp\/v2\/pages"}],"about":[{"href":"https:\/\/usvfoot41.fr\/boutique\/wp-json\/wp\/v2\/types\/page"}],"author":[{"embeddable":true,"href":"https:\/\/usvfoot41.fr\/boutique\/wp-json\/wp\/v2\/users\/1"}],"replies":[{"embeddable":true,"href":"https:\/\/usvfoot41.fr\/boutique\/wp-json\/wp\/v2\/comments?post=1905"}],"version-history":[{"count":25,"href":"https:\/\/usvfoot41.fr\/boutique\/wp-json\/wp\/v2\/pages\/1905\/revisions"}],"predecessor-version":[{"id":4315,"href":"https:\/\/usvfoot41.fr\/boutique\/wp-json\/wp\/v2\/pages\/1905\/revisions\/4315"}],"wp:attachment":[{"href":"https:\/\/usvfoot41.fr\/boutique\/wp-json\/wp\/v2\/media?parent=1905"}],"curies":[{"name":"wp","href":"https:\/\/api.w.org\/{rel}","templated":true}]}}